{"id":78,"date":"2021-02-16T09:01:21","date_gmt":"2021-02-16T13:01:21","guid":{"rendered":"http:\/\/ayuntamiento.guineo\/transparencia\/?page_id=78"},"modified":"2021-02-16T08:56:20","modified_gmt":"2021-02-16T12:56:20","slug":"definicion-oaim-oficina-de-acceso-a-la-informacion-municipal","status":"publish","type":"page","link":"https:\/\/ayuntamientopolo.gob.do\/transparencia\/definicion-oaim-oficina-de-acceso-a-la-informacion-municipal\/","title":{"rendered":"Definici\u00f3n OAIM (Oficina de Acceso a la Informaci\u00f3n Municipal)"},"content":{"rendered":"<p>El Ayuntamiento Municipal de polo, en cumplimiento de la Ley 200-04, o Ley de Acceso a la Informaci\u00f3n P\u00fablica, pone en l\u00ednea y a disposici\u00f3n la Oficina de Acceso a la Informaci\u00f3n P\u00fablica para hacer consultas o solicitar informaci\u00f3n.<\/p>\n<p>Esta Ley fue aprobada el 28 de Julio de 2004 y su objetivo es garantizar el derecho de toda persona a solicitar y recibir informaci\u00f3n efectiva, veraz y oportuna sobre todos los actos y actividades de los organismos y entidades centralizados, descentralizados, aut\u00e1rquicos, incluyendo tanto el Poder Ejecutivo como el Judicial.<br \/>\n(i) Debe mostrarse la estructura organizacional de la<br \/>\nOficina de Libre Acceso a la Informaci\u00f3n P\u00fablica (OAI).<\/p>\n<p>Visi\u00f3n<\/p>\n<p>Polo, un municipio territorialmente ordenado, con democracia participativa, limpio, hospitalario; con una econom\u00eda que fomenta la equidad social y basada en el ecoturismo, la agricultura sostenible y la explotaci\u00f3n racional del medio ambiente y con reconocimiento internacional<\/p>\n<p>Misi\u00f3n<\/p>\n<p>Impulsar el desarrollo municipal de Polo a trav\u00e9s de m\u00e9todos de democracia participativa y de un gobierno local eficiente, eficaz y transparente, de modo que se logre una mayor calidad de vida de sus habitantes y mun\u00edcipes<br \/>\nRAI<\/p>\n<p>El Responsable de Acceso a la Informaci\u00f3n, es el responsable de tramitar y facilitar las informaciones requeridas y de ser el canal de comunicaci\u00f3n entre la instituci\u00f3n, ciudadanos y ciudadanas.<\/p>\n<p>Responsable de Acceso a la Informaci\u00f3n (OAI):<\/p>\n<p>Sr. Melvin E Feliz Moreta<br \/>\nTel\u00e9fono: 829-822-1282<br \/>\nE-mail: ayuntapo111@gmail.com<\/p>\n<p>Proceso de Solicitud de Informaci\u00f3n:<\/p>\n<p>Completar el formulario de solicitud de informaci\u00f3n.<br \/>\nSe procede a la revisi\u00f3n de dicho documento con la finalidad de verificar que est\u00e1 debidamente completada.<br \/>\nSe hace entrega de acuse de la solicitud al solicitante.<br \/>\nSeg\u00fan la complejidad de la informaci\u00f3n, se asigna una fecha de entrega.<br \/>\nEn caso de no ser la C\u00e1mara de Cuentas de la Rep\u00fablica la entidad competente para ofrecer la informaci\u00f3n requerida, dicha solicitud se refiere a la instituci\u00f3n correspondiente y se le informa al solicitante, el curso que ha tomado su solicitud y la instituci\u00f3n destinataria.<\/p>\n<p>Seguimiento de la(s) solicitud(es) hasta confirmar que se ha suministrado la informaci\u00f3n.<\/p>\n","protected":false},"excerpt":{"rendered":"El Ayuntamiento Municipal de polo, en cumplimiento de la Ley 200-04, o Ley de Acceso a la Informaci\u00f3n P\u00fablica, pone en l\u00ednea y a disposici\u00f3n la Oficina de Acceso a la Informaci\u00f3n P\u00fablica para hacer consultas o solicitar informaci\u00f3n. Esta Ley fue aprobada el 28 de Julio de 2004 y su objetivo es garantizar el&#8230;","protected":false},"author":4,"featured_media":0,"parent":0,"menu_order":0,"comment_status":"closed","ping_status":"closed","template":"","meta":[],"acf":[],"_links":{"self":[{"href":"https:\/\/ayuntamientopolo.gob.do\/transparencia\/wp-json\/wp\/v2\/pages\/78"}],"collection":[{"href":"https:\/\/ayuntamientopolo.gob.do\/transparencia\/wp-json\/wp\/v2\/pages"}],"about":[{"href":"https:\/\/ayuntamientopolo.gob.do\/transparencia\/wp-json\/wp\/v2\/types\/page"}],"author":[{"embeddable":true,"href":"https:\/\/ayuntamientopolo.gob.do\/transparencia\/wp-json\/wp\/v2\/users\/4"}],"replies":[{"embeddable":true,"href":"https:\/\/ayuntamientopolo.gob.do\/transparencia\/wp-json\/wp\/v2\/comments?post=78"}],"version-history":[{"count":6,"href":"https:\/\/ayuntamientopolo.gob.do\/transparencia\/wp-json\/wp\/v2\/pages\/78\/revisions"}],"predecessor-version":[{"id":743,"href":"https:\/\/ayuntamientopolo.gob.do\/transparencia\/wp-json\/wp\/v2\/pages\/78\/revisions\/743"}],"wp:attachment":[{"href":"https:\/\/ayuntamientopolo.gob.do\/transparencia\/wp-json\/wp\/v2\/media?parent=78"}],"curies":[{"name":"wp","href":"https:\/\/api.w.org\/{rel}","templated":true}]}}